{"id":393,"date":"2021-10-14T13:41:21","date_gmt":"2021-10-14T13:41:21","guid":{"rendered":"https:\/\/demosites.io\/neve-3\/?page_id=393"},"modified":"2024-02-19T15:07:31","modified_gmt":"2024-02-19T12:07:31","slug":"hakkimizda","status":"publish","type":"page","link":"https:\/\/mudanyayapi.com\/?page_id=393","title":{"rendered":"Hakk\u0131m\u0131zda"},"content":{"rendered":"\t\t<div data-elementor-type=\"wp-page\" data-elementor-id=\"393\" class=\"elementor elementor-393\">\n\t\t\t\t<div class=\"elementor-element elementor-element-8a1a1a8 e-flex e-con-boxed e-con e-parent\" data-id=\"8a1a1a8\" data-element_type=\"container\">\n\t\t\t\t\t<div class=\"e-con-inner\">\n\t\t<div class=\"elementor-element elementor-element-52eaf26 e-con-full e-flex e-con e-child\" data-id=\"52eaf26\" data-element_type=\"container\">\n\t\t\t\t<\/div>\n\t\t<div class=\"elementor-element elementor-element-f75c2c5 e-con-full e-flex e-con e-child\" data-id=\"f75c2c5\" data-element_type=\"container\">\n\t\t\t\t<div class=\"elementor-element elementor-element-ed1419c elementor-widget elementor-widget-image\" data-id=\"ed1419c\" data-element_type=\"widget\" data-widget_type=\"image.default\">\n\t\t\t\t<div class=\"elementor-widget-container\">\n\t\t\t\t\t\t\t\t\t\t\t\t\t\t\t<img fetchpriority=\"high\" decoding=\"async\" width=\"500\" height=\"254\" src=\"https:\/\/mudanyayapi.com\/wp-content\/uploads\/2013\/03\/hakkimizda.jpg\" class=\"attachment-large size-large wp-image-3\" alt=\"\" srcset=\"https:\/\/mudanyayapi.com\/wp-content\/uploads\/2013\/03\/hakkimizda.jpg 500w, https:\/\/mudanyayapi.com\/wp-content\/uploads\/2013\/03\/hakkimizda-300x152.jpg 300w\" sizes=\"(max-width: 500px) 100vw, 500px\" \/>\t\t\t\t\t\t\t\t\t\t\t\t\t\t\t<\/div>\n\t\t\t\t<\/div>\n\t\t\t\t<div class=\"elementor-element elementor-element-daf9d7a elementor-widget elementor-widget-text-editor\" data-id=\"daf9d7a\" data-element_type=\"widget\" data-widget_type=\"text-editor.default\">\n\t\t\t\t<div class=\"elementor-widget-container\">\n\t\t\t\t\t\t\t\t\t<p>Akkaya Yap\u0131 olarak 1989 Y\u0131l\u0131nda Mudanya&#8217;da faaliyetimize ba\u015flad\u0131k. H\u0131zla b\u00fcy\u00fcyen in\u015faat sekt\u00f6r\u00fcnde boya, i\u00e7 dekorasyon ve tadilat alan\u0131ndaki eksikli\u011fi farkederek bu alanda uzmanla\u015ft\u0131k. Kaliteli malzemeyi ustakl\u0131kla harmanlayarak Mudanya, Bursa ve \u00e7evresine uzman ekiplerimizle hizmet vermeye devam ediyoruz.<\/p>\n<p>Geli\u015fen in\u015faat sekt\u00f6r\u00fcn\u00fc ve m\u00fc\u015fterilerimizin farkl\u0131 taleplerini dikkate ald\u0131k. Bu \u015fekilde hizmet kalitemizi art\u0131rarak b\u00fcy\u00fcd\u00fck.<\/p>\n<p>\u0130n\u015faat Sekt\u00f6r\u00fcn\u00fcn t\u00fcm bran\u015flar\u0131nda kalifiye elamanlarla hizmet vermeye devam ediyoruz.\u00a0<\/p>\n<p>Siz de\u011ferli m\u00fc\u015fterilerimizden ald\u0131\u011f\u0131m\u0131z g\u00fczel geri d\u00f6n\u00fc\u015fler bizim en b\u00fcy\u00fck kazanc\u0131m\u0131z olup, kalitemizi daha \u00fcst seviyelere \u00e7\u0131kartmak i\u00e7in bizi motive etmektedir.\u00a0<\/p>\t\t\t\t\t\t\t\t<\/div>\n\t\t\t\t<\/div>\n\t\t\t\t<\/div>\n\t\t<div class=\"elementor-element elementor-element-8e17fc5 e-con-full e-flex e-con e-child\" data-id=\"8e17fc5\" data-element_type=\"container\">\n\t\t\t\t<\/div>\n\t\t\t\t\t<\/div>\n\t\t\t\t<\/div>\n\t\t\t\t<\/div>\n\t\t","protected":false},"excerpt":{"rendered":"<p>Akkaya Yap\u0131 olarak 1989 Y\u0131l\u0131nda Mudanya&#8217;da faaliyetimize ba\u015flad\u0131k. H\u0131zla b\u00fcy\u00fcyen in\u015faat sekt\u00f6r\u00fcnde boya, i\u00e7 dekorasyon ve tadilat alan\u0131ndaki eksikli\u011fi farkederek bu alanda uzmanla\u015ft\u0131k. Kaliteli malzemeyi ustakl\u0131kla harmanlayarak Mudanya, Bursa ve \u00e7evresine uzman ekiplerimizle hizmet vermeye devam ediyoruz. Geli\u015fen in\u015faat sekt\u00f6r\u00fcn\u00fc ve m\u00fc\u015fterilerimizin farkl\u0131 taleplerini dikkate ald\u0131k. Bu \u015fekilde hizmet kalitemizi art\u0131rarak b\u00fcy\u00fcd\u00fck. \u0130n\u015faat Sekt\u00f6r\u00fcn\u00fcn t\u00fcm&hellip;&nbsp;<a href=\"https:\/\/mudanyayapi.com\/?page_id=393\" class=\"\" rel=\"bookmark\">Read More &raquo;<span class=\"screen-reader-text\">Hakk\u0131m\u0131zda<\/span><\/a><\/p>\n","protected":false},"author":1,"featured_media":0,"parent":0,"menu_order":0,"comment_status":"closed","ping_status":"closed","template":"","meta":{"neve_meta_sidebar":"","neve_meta_container":"contained","neve_meta_enable_content_width":"on","neve_meta_content_width":100,"neve_meta_title_alignment":"","neve_meta_author_avatar":"","neve_post_elements_order":"","neve_meta_disable_header":"","neve_meta_disable_footer":"","neve_meta_disable_title":"on","_themeisle_gutenberg_block_has_review":false,"_ti_tpc_template_sync":false,"_ti_tpc_template_id":"7t33a747gl8nxcetj1je","footnotes":""},"_links":{"self":[{"href":"https:\/\/mudanyayapi.com\/index.php?rest_route=\/wp\/v2\/pages\/393"}],"collection":[{"href":"https:\/\/mudanyayapi.com\/index.php?rest_route=\/wp\/v2\/pages"}],"about":[{"href":"https:\/\/mudanyayapi.com\/index.php?rest_route=\/wp\/v2\/types\/page"}],"author":[{"embeddable":true,"href":"https:\/\/mudanyayapi.com\/index.php?rest_route=\/wp\/v2\/users\/1"}],"replies":[{"embeddable":true,"href":"https:\/\/mudanyayapi.com\/index.php?rest_route=%2Fwp%2Fv2%2Fcomments&post=393"}],"version-history":[{"count":4,"href":"https:\/\/mudanyayapi.com\/index.php?rest_route=\/wp\/v2\/pages\/393\/revisions"}],"predecessor-version":[{"id":494,"href":"https:\/\/mudanyayapi.com\/index.php?rest_route=\/wp\/v2\/pages\/393\/revisions\/494"}],"wp:attachment":[{"href":"https:\/\/mudanyayapi.com\/index.php?rest_route=%2Fwp%2Fv2%2Fmedia&parent=393"}],"curies":[{"name":"wp","href":"https:\/\/api.w.org\/{rel}","templated":true}]}}